{"id":6111,"date":"2022-10-15T20:22:30","date_gmt":"2022-10-16T01:22:30","guid":{"rendered":"https:\/\/dosaguas.co\/stage?page_id=6111"},"modified":"2025-07-28T17:48:21","modified_gmt":"2025-07-28T22:48:21","slug":"reserva","status":"publish","type":"page","link":"https:\/\/dosaguas.co\/es\/reserva","title":{"rendered":"Reserva"},"content":{"rendered":"\t\t<div data-elementor-type=\"wp-page\" data-elementor-id=\"6111\" class=\"elementor elementor-6111 elementor-10667\" data-elementor-post-type=\"page\">\n\t\t\t\t\t\t<section class=\"elementor-section elementor-top-section elementor-element elementor-element-35ba805a elementor-section-full_width elementor-section-height-min-height elementor-section-items-top elementor-section-content-top elementor-section-stretched elementor-section-height-default\" data-id=\"35ba805a\" data-element_type=\"section\" id=\"section-reserva\" data-settings=\"{&quot;stretch_section&quot;:&quot;section-stretched&quot;}\">\n\t\t\t\t\t\t<div class=\"elementor-container elementor-column-gap-extended\">\n\t\t\t\t\t<div class=\"elementor-column elementor-col-100 elementor-top-column elementor-element elementor-element-2162e338\" data-id=\"2162e338\" data-element_type=\"column\">\n\t\t\t<div class=\"elementor-widget-wrap elementor-element-populated\">\n\t\t\t\t\t\t<div class=\"elementor-element elementor-element-57e2db14 elementor-widget__width-inherit elementor-widget-tablet__width-inherit elementor-widget elementor-widget-html\" data-id=\"57e2db14\" data-element_type=\"widget\" id=\"Iframe-reserva-id\" data-widget_type=\"html.default\">\n\t\t\t\t<div class=\"elementor-widget-container\">\n\t\t\t\t\t<div class=\"iframe-reserva-wrapper\">\n  <iframe class=\"Iframe-reserva\"\n    src=\"https:\/\/engine.lobbypms.com\/dosaguaslodge\"\n    name=\"Reserva\"\n    scrolling=\"yes\"\n    frameborder=\"0\"\n    allowfullscreen>\n  <\/iframe>\n<\/div>\t\t\t\t<\/div>\n\t\t\t\t<\/div>\n\t\t\t\t\t<\/div>\n\t\t<\/div>\n\t\t\t\t\t<\/div>\n\t\t<\/section>\n\t\t\t\t<\/div>\n\t\t","protected":false},"excerpt":{"rendered":"","protected":false},"author":3,"featured_media":2928,"parent":0,"menu_order":0,"comment_status":"closed","ping_status":"closed","template":"","meta":{"site-sidebar-layout":"no-sidebar","site-content-layout":"page-builder","ast-site-content-layout":"full-width-container","site-content-style":"unboxed","site-sidebar-style":"unboxed","ast-global-header-display":"","ast-banner-title-visibility":"","ast-main-header-display":"","ast-hfb-above-header-display":"","ast-hfb-below-header-display":"","ast-hfb-mobile-header-display":"","site-post-title":"disabled","ast-breadcrumbs-content":"","ast-featured-img":"","footer-sml-layout":"","theme-transparent-header-meta":"","adv-header-id-meta":"","stick-header-meta":"","header-above-stick-meta":"","header-main-stick-meta":"","header-below-stick-meta":"","astra-migrate-meta-layouts":"set","ast-page-background-enabled":"default","ast-page-background-meta":{"desktop":{"background-color":"var(--ast-global-color-4)","background-image":"","background-repeat":"repeat","background-position":"center center","background-size":"auto","background-attachment":"scroll","background-type":"","background-media":"","overlay-type":"","overlay-color":"","overlay-opacity":"","overlay-gradient":""},"tablet":{"background-color":"","background-image":"","background-repeat":"repeat","background-position":"center center","background-size":"auto","background-attachment":"scroll","background-type":"","background-media":"","overlay-type":"","overlay-color":"","overlay-opacity":"","overlay-gradient":""},"mobile":{"background-color":"","background-image":"","background-repeat":"repeat","background-position":"center center","background-size":"auto","background-attachment":"scroll","background-type":"","background-media":"","overlay-type":"","overlay-color":"","overlay-opacity":"","overlay-gradient":""}},"ast-content-background-meta":{"desktop":{"background-color":"var(--ast-global-color-5)","background-image":"","background-repeat":"repeat","background-position":"center center","background-size":"auto","background-attachment":"scroll","background-type":"","background-media":"","overlay-type":"","overlay-color":"","overlay-opacity":"","overlay-gradient":""},"tablet":{"background-color":"var(--ast-global-color-5)","background-image":"","background-repeat":"repeat","background-position":"center center","background-size":"auto","background-attachment":"scroll","background-type":"","background-media":"","overlay-type":"","overlay-color":"","overlay-opacity":"","overlay-gradient":""},"mobile":{"background-color":"var(--ast-global-color-5)","background-image":"","background-repeat":"repeat","background-position":"center center","background-size":"auto","background-attachment":"scroll","background-type":"","background-media":"","overlay-type":"","overlay-color":"","overlay-opacity":"","overlay-gradient":""}},"footnotes":""},"class_list":["post-6111","page","type-page","status-publish","has-post-thumbnail","hentry"],"yoast_head":"<!-- This site is optimized with the Yoast SEO plugin v25.5 - https:\/\/yoast.com\/wordpress\/plugins\/seo\/ -->\n<title>Reserva | FUNDACI\u00d3N DOS AGUAS<\/title>\n<meta name=\"description\" content=\"Reserva ahora en Dos Aguas Lodge y vive una experiencia aut\u00e9ntica de viaje responsable, conexi\u00f3n interior y encuentro real con la comunidad local.\" \/>\n<meta name=\"robots\" content=\"index, follow, max-snippet:-1, max-image-preview:large, max-video-preview:-1\" \/>\n<link rel=\"canonical\" href=\"https:\/\/dosaguas.co\/es\/reserva\" \/>\n<meta property=\"og:locale\" content=\"es_ES\" \/>\n<meta property=\"og:type\" content=\"article\" \/>\n<meta property=\"og:title\" content=\"Reserva\" \/>\n<meta property=\"og:description\" content=\"Reserva\" \/>\n<meta property=\"og:url\" content=\"https:\/\/dosaguas.co\/es\/reserva\" \/>\n<meta property=\"og:site_name\" content=\"FUNDACI\u00d3N DOS AGUAS\" \/>\n<meta property=\"article:publisher\" content=\"https:\/\/web.facebook.com\/DosAguasLodge\/\" \/>\n<meta property=\"article:modified_time\" content=\"2025-07-28T22:48:21+00:00\" \/>\n<meta property=\"og:image\" content=\"https:\/\/dosaguas.co\/wp-content\/uploads\/2022\/08\/rincon-de-encanto.jpg\" \/>\n\t<meta property=\"og:image:width\" content=\"1024\" \/>\n\t<meta property=\"og:image:height\" content=\"768\" \/>\n\t<meta property=\"og:image:type\" content=\"image\/jpeg\" \/>\n<meta name=\"twitter:card\" content=\"summary_large_image\" \/>\n<meta name=\"twitter:title\" content=\"Reserva\" \/>\n<meta name=\"twitter:description\" content=\"Reserva\" \/>\n<script type=\"application\/ld+json\" class=\"yoast-schema-graph\">{\"@context\":\"https:\/\/schema.org\",\"@graph\":[{\"@type\":\"WebPage\",\"@id\":\"https:\/\/dosaguas.co\/es\/reserva\",\"url\":\"https:\/\/dosaguas.co\/es\/reserva\",\"name\":\"Reserva | FUNDACI\u00d3N DOS AGUAS\",\"isPartOf\":{\"@id\":\"\/#website\"},\"primaryImageOfPage\":{\"@id\":\"https:\/\/dosaguas.co\/es\/reserva#primaryimage\"},\"image\":{\"@id\":\"https:\/\/dosaguas.co\/es\/reserva#primaryimage\"},\"thumbnailUrl\":\"https:\/\/dosaguas.co\/wp-content\/uploads\/2022\/08\/rincon-de-encanto.jpg\",\"datePublished\":\"2022-10-16T01:22:30+00:00\",\"dateModified\":\"2025-07-28T22:48:21+00:00\",\"description\":\"Reserva ahora en Dos Aguas Lodge y vive una experiencia aut\u00e9ntica de viaje responsable, conexi\u00f3n interior y encuentro real con la comunidad local.\",\"breadcrumb\":{\"@id\":\"https:\/\/dosaguas.co\/es\/reserva#breadcrumb\"},\"inLanguage\":\"es-CO\",\"potentialAction\":[{\"@type\":\"ReadAction\",\"target\":[\"https:\/\/dosaguas.co\/es\/reserva\"]}]},{\"@type\":\"ImageObject\",\"inLanguage\":\"es-CO\",\"@id\":\"https:\/\/dosaguas.co\/es\/reserva#primaryimage\",\"url\":\"https:\/\/dosaguas.co\/wp-content\/uploads\/2022\/08\/rincon-de-encanto.jpg\",\"contentUrl\":\"https:\/\/dosaguas.co\/wp-content\/uploads\/2022\/08\/rincon-de-encanto.jpg\",\"width\":1024,\"height\":768},{\"@type\":\"BreadcrumbList\",\"@id\":\"https:\/\/dosaguas.co\/es\/reserva#breadcrumb\",\"itemListElement\":[{\"@type\":\"ListItem\",\"position\":1,\"name\":\"Inicio\",\"item\":\"https:\/\/dosaguas.co\/es\"},{\"@type\":\"ListItem\",\"position\":2,\"name\":\"Reserva\"}]},{\"@type\":\"WebSite\",\"@id\":\"\/#website\",\"url\":\"\/\",\"name\":\"FUNDACI\u00d3N DOS AGUAS\",\"description\":\"\",\"publisher\":{\"@id\":\"\/#organization\"},\"alternateName\":\"DOS AGUAS\",\"potentialAction\":[{\"@type\":\"SearchAction\",\"target\":{\"@type\":\"EntryPoint\",\"urlTemplate\":\"\/?s={search_term_string}\"},\"query-input\":{\"@type\":\"PropertyValueSpecification\",\"valueRequired\":true,\"valueName\":\"search_term_string\"}}],\"inLanguage\":\"es-CO\"},{\"@type\":\"Organization\",\"@id\":\"\/#organization\",\"name\":\"DOS AGUAS LODGE EN RINC\u00d3N DEL MAR\",\"alternateName\":\"DOS AGUAS\",\"url\":\"\/\",\"logo\":{\"@type\":\"ImageObject\",\"inLanguage\":\"es-CO\",\"@id\":\"\/#\/schema\/logo\/image\/\",\"url\":\"https:\/\/dosaguas.co\/wp-content\/uploads\/2023\/02\/logo-dos-aguas-lodge-website.jpg\",\"contentUrl\":\"https:\/\/dosaguas.co\/wp-content\/uploads\/2023\/02\/logo-dos-aguas-lodge-website.jpg\",\"width\":696,\"height\":696,\"caption\":\"DOS AGUAS LODGE EN RINC\u00d3N DEL MAR\"},\"image\":{\"@id\":\"\/#\/schema\/logo\/image\/\"},\"sameAs\":[\"https:\/\/web.facebook.com\/DosAguasLodge\/\",\"https:\/\/www.tripadvisor.co\/Hotel_Review-g10326747-d17323989-Reviews-Dos_Aguas_Lodge-Rincon_del_Mar_San_Onofre_Sucre_Department.html\",\"https:\/\/www.instagram.com\/dosaguaslodge\/\"]}]}<\/script>\n<!-- \/ Yoast SEO plugin. -->","yoast_head_json":{"title":"Reserva | FUNDACI\u00d3N DOS AGUAS","description":"Reserva ahora en Dos Aguas Lodge y vive una experiencia aut\u00e9ntica de viaje responsable, conexi\u00f3n interior y encuentro real con la comunidad local.","robots":{"index":"index","follow":"follow","max-snippet":"max-snippet:-1","max-image-preview":"max-image-preview:large","max-video-preview":"max-video-preview:-1"},"canonical":"https:\/\/dosaguas.co\/es\/reserva","og_locale":"es_ES","og_type":"article","og_title":"Reserva","og_description":"Reserva","og_url":"https:\/\/dosaguas.co\/es\/reserva","og_site_name":"FUNDACI\u00d3N DOS AGUAS","article_publisher":"https:\/\/web.facebook.com\/DosAguasLodge\/","article_modified_time":"2025-07-28T22:48:21+00:00","og_image":[{"width":1024,"height":768,"url":"https:\/\/dosaguas.co\/wp-content\/uploads\/2022\/08\/rincon-de-encanto.jpg","type":"image\/jpeg"}],"twitter_card":"summary_large_image","twitter_title":"Reserva","twitter_description":"Reserva","schema":{"@context":"https:\/\/schema.org","@graph":[{"@type":"WebPage","@id":"https:\/\/dosaguas.co\/es\/reserva","url":"https:\/\/dosaguas.co\/es\/reserva","name":"Reserva | FUNDACI\u00d3N DOS AGUAS","isPartOf":{"@id":"\/#website"},"primaryImageOfPage":{"@id":"https:\/\/dosaguas.co\/es\/reserva#primaryimage"},"image":{"@id":"https:\/\/dosaguas.co\/es\/reserva#primaryimage"},"thumbnailUrl":"https:\/\/dosaguas.co\/wp-content\/uploads\/2022\/08\/rincon-de-encanto.jpg","datePublished":"2022-10-16T01:22:30+00:00","dateModified":"2025-07-28T22:48:21+00:00","description":"Reserva ahora en Dos Aguas Lodge y vive una experiencia aut\u00e9ntica de viaje responsable, conexi\u00f3n interior y encuentro real con la comunidad local.","breadcrumb":{"@id":"https:\/\/dosaguas.co\/es\/reserva#breadcrumb"},"inLanguage":"es-CO","potentialAction":[{"@type":"ReadAction","target":["https:\/\/dosaguas.co\/es\/reserva"]}]},{"@type":"ImageObject","inLanguage":"es-CO","@id":"https:\/\/dosaguas.co\/es\/reserva#primaryimage","url":"https:\/\/dosaguas.co\/wp-content\/uploads\/2022\/08\/rincon-de-encanto.jpg","contentUrl":"https:\/\/dosaguas.co\/wp-content\/uploads\/2022\/08\/rincon-de-encanto.jpg","width":1024,"height":768},{"@type":"BreadcrumbList","@id":"https:\/\/dosaguas.co\/es\/reserva#breadcrumb","itemListElement":[{"@type":"ListItem","position":1,"name":"Inicio","item":"https:\/\/dosaguas.co\/es"},{"@type":"ListItem","position":2,"name":"Reserva"}]},{"@type":"WebSite","@id":"\/#website","url":"\/","name":"FUNDACI\u00d3N DOS AGUAS","description":"","publisher":{"@id":"\/#organization"},"alternateName":"DOS AGUAS","potentialAction":[{"@type":"SearchAction","target":{"@type":"EntryPoint","urlTemplate":"\/?s={search_term_string}"},"query-input":{"@type":"PropertyValueSpecification","valueRequired":true,"valueName":"search_term_string"}}],"inLanguage":"es-CO"},{"@type":"Organization","@id":"\/#organization","name":"DOS AGUAS LODGE EN RINC\u00d3N DEL MAR","alternateName":"DOS AGUAS","url":"\/","logo":{"@type":"ImageObject","inLanguage":"es-CO","@id":"\/#\/schema\/logo\/image\/","url":"https:\/\/dosaguas.co\/wp-content\/uploads\/2023\/02\/logo-dos-aguas-lodge-website.jpg","contentUrl":"https:\/\/dosaguas.co\/wp-content\/uploads\/2023\/02\/logo-dos-aguas-lodge-website.jpg","width":696,"height":696,"caption":"DOS AGUAS LODGE EN RINC\u00d3N DEL MAR"},"image":{"@id":"\/#\/schema\/logo\/image\/"},"sameAs":["https:\/\/web.facebook.com\/DosAguasLodge\/","https:\/\/www.tripadvisor.co\/Hotel_Review-g10326747-d17323989-Reviews-Dos_Aguas_Lodge-Rincon_del_Mar_San_Onofre_Sucre_Department.html","https:\/\/www.instagram.com\/dosaguaslodge\/"]}]}},"_links":{"self":[{"href":"https:\/\/dosaguas.co\/es\/wp-json\/wp\/v2\/pages\/6111","targetHints":{"allow":["GET"]}}],"collection":[{"href":"https:\/\/dosaguas.co\/es\/wp-json\/wp\/v2\/pages"}],"about":[{"href":"https:\/\/dosaguas.co\/es\/wp-json\/wp\/v2\/types\/page"}],"author":[{"embeddable":true,"href":"https:\/\/dosaguas.co\/es\/wp-json\/wp\/v2\/users\/3"}],"replies":[{"embeddable":true,"href":"https:\/\/dosaguas.co\/es\/wp-json\/wp\/v2\/comments?post=6111"}],"version-history":[{"count":256,"href":"https:\/\/dosaguas.co\/es\/wp-json\/wp\/v2\/pages\/6111\/revisions"}],"predecessor-version":[{"id":17573,"href":"https:\/\/dosaguas.co\/es\/wp-json\/wp\/v2\/pages\/6111\/revisions\/17573"}],"wp:featuredmedia":[{"embeddable":true,"href":"https:\/\/dosaguas.co\/es\/wp-json\/wp\/v2\/media\/2928"}],"wp:attachment":[{"href":"https:\/\/dosaguas.co\/es\/wp-json\/wp\/v2\/media?parent=6111"}],"curies":[{"name":"wp","href":"https:\/\/api.w.org\/{rel}","templated":true}]}}