{"id":17683,"date":"2025-12-02T13:01:46","date_gmt":"2025-12-02T18:01:46","guid":{"rendered":"https:\/\/dosaguas.co\/?page_id=17683"},"modified":"2026-03-03T15:39:06","modified_gmt":"2026-03-03T20:39:06","slug":"nuestra-mision","status":"publish","type":"page","link":"https:\/\/dosaguas.co\/es\/fundacion\/sobre-nosotros\/nuestra-mision","title":{"rendered":"Nuestra misi\u00f3n"},"content":{"rendered":"\t\t<div data-elementor-type=\"wp-page\" data-elementor-id=\"17683\" class=\"elementor elementor-17683\" data-elementor-post-type=\"page\">\n\t\t\t\t<div class=\"elementor-element elementor-element-a50921b e-flex e-con-boxed e-con e-parent\" data-id=\"a50921b\" data-element_type=\"container\">\n\t\t\t\t\t<div class=\"e-con-inner\">\n\t\t<div class=\"elementor-element elementor-element-1cab8b2 e-con-full e-flex elementor-invisible e-con e-child\" data-id=\"1cab8b2\" data-element_type=\"container\" data-settings=\"{&quot;animation&quot;:&quot;fadeInUp&quot;,&quot;animation_mobile&quot;:&quot;none&quot;}\">\n\t\t\t\t<div class=\"elementor-element elementor-element-b1fa8c8 elementor-widget-divider--view-line elementor-widget elementor-widget-divider\" data-id=\"b1fa8c8\" data-element_type=\"widget\" data-widget_type=\"divider.default\">\n\t\t\t\t<div class=\"elementor-widget-container\">\n\t\t\t\t\t\t\t<div class=\"elementor-divider\">\n\t\t\t<span class=\"elementor-divider-separator\">\n\t\t\t\t\t\t<\/span>\n\t\t<\/div>\n\t\t\t\t\t\t<\/div>\n\t\t\t\t<\/div>\n\t\t\t\t<div class=\"elementor-element elementor-element-e116559 elementor-invisible elementor-widget elementor-widget-heading\" data-id=\"e116559\" data-element_type=\"widget\" data-settings=\"{&quot;_animation&quot;:&quot;fadeIn&quot;}\" data-widget_type=\"heading.default\">\n\t\t\t\t<div class=\"elementor-widget-container\">\n\t\t\t\t\t<h2 class=\"elementor-heading-title elementor-size-default\">Nuestra Misi\u00f3n<\/h2>\t\t\t\t<\/div>\n\t\t\t\t<\/div>\n\t\t\t\t<div class=\"elementor-element elementor-element-bac75ad elementor-widget-mobile__width-initial elementor-headline--style-highlight elementor-widget elementor-widget-animated-headline\" data-id=\"bac75ad\" data-element_type=\"widget\" data-settings=\"{&quot;highlighted_text&quot;:&quot;el impacto social&quot;,&quot;headline_style&quot;:&quot;highlight&quot;,&quot;marker&quot;:&quot;circle&quot;,&quot;loop&quot;:&quot;yes&quot;,&quot;highlight_animation_duration&quot;:1200,&quot;highlight_iteration_delay&quot;:8000}\" data-widget_type=\"animated-headline.default\">\n\t\t\t\t<div class=\"elementor-widget-container\">\n\t\t\t\t\t\t\t\t<a href=\"https:\/\/dosaguas.co\/es\/fundacion-nuevo\/programas\/escuela-y-laboratorio\">\n\n\t\t\t\t\t<h3 class=\"elementor-headline\">\n\t\t\t\t\t<span class=\"elementor-headline-plain-text elementor-headline-text-wrapper\">En Fundaci\u00f3n Dos Aguas trabajamos para mitigar<\/span>\n\t\t\t\t<span class=\"elementor-headline-dynamic-wrapper elementor-headline-text-wrapper\">\n\t\t\t\t\t<span class=\"elementor-headline-dynamic-text elementor-headline-text-active\">el impacto social<\/span>\n\t\t\t\t<\/span>\n\t\t\t\t\t<span class=\"elementor-headline-plain-text elementor-headline-text-wrapper\">del crecimiento tur\u00edstico en Rinc\u00f3n del Mar, acompa\u00f1ando a su gente para que sea protagonista del desarrollo econ\u00f3mico, ambiental y cultural de su propio territorio.<\/span>\n\t\t\t\t\t<\/h3>\n\t\t<\/a>\t\t\t\t<\/div>\n\t\t\t\t<\/div>\n\t\t\t\t<div class=\"elementor-element elementor-element-d103810 elementor-widget-mobile__width-initial elementor-headline--style-highlight elementor-widget elementor-widget-animated-headline\" data-id=\"d103810\" data-element_type=\"widget\" data-settings=\"{&quot;marker&quot;:&quot;underline&quot;,&quot;highlighted_text&quot;:&quot;bienestar colectivo&quot;,&quot;headline_style&quot;:&quot;highlight&quot;,&quot;loop&quot;:&quot;yes&quot;,&quot;highlight_animation_duration&quot;:1200,&quot;highlight_iteration_delay&quot;:8000}\" data-widget_type=\"animated-headline.default\">\n\t\t\t\t<div class=\"elementor-widget-container\">\n\t\t\t\t\t\t\t\t<a href=\"https:\/\/dosaguas.co\/es\/fundacion-nuevo\/programas\/titanext\">\n\n\t\t\t\t\t<h3 class=\"elementor-headline\">\n\t\t\t\t\t<span class=\"elementor-headline-plain-text elementor-headline-text-wrapper\"> Creemos que el <\/span>\n\t\t\t\t<span class=\"elementor-headline-dynamic-wrapper elementor-headline-text-wrapper\">\n\t\t\t\t\t<span class=\"elementor-headline-dynamic-text elementor-headline-text-active\">bienestar colectivo<\/span>\n\t\t\t\t<\/span>\n\t\t\t\t\t<span class=\"elementor-headline-plain-text elementor-headline-text-wrapper\">se construye desde adentro: escuchando a la comunidad, reconociendo sus saberes, fortaleciendo sus proyectos y creando oportunidades reales de educaci\u00f3n, emprendimiento y sostenibilidad.<\/span>\n\t\t\t\t\t<\/h3>\n\t\t<\/a>\t\t\t\t<\/div>\n\t\t\t\t<\/div>\n\t\t\t\t<div class=\"elementor-element elementor-element-b13436b elementor-widget-mobile__width-initial elementor-headline--style-highlight elementor-widget elementor-widget-animated-headline\" data-id=\"b13436b\" data-element_type=\"widget\" data-settings=\"{&quot;marker&quot;:&quot;underline&quot;,&quot;highlighted_text&quot;:&quot;di\\u00e1logo cercano,&quot;,&quot;headline_style&quot;:&quot;highlight&quot;,&quot;loop&quot;:&quot;yes&quot;,&quot;highlight_animation_duration&quot;:1200,&quot;highlight_iteration_delay&quot;:8000}\" data-widget_type=\"animated-headline.default\">\n\t\t\t\t<div class=\"elementor-widget-container\">\n\t\t\t\t\t\t\t\t<a href=\"https:\/\/dosaguas.co\/es\/fundacion-nuevo\/programas\/titanext\">\n\n\t\t\t\t\t<h3 class=\"elementor-headline\">\n\t\t\t\t\t<span class=\"elementor-headline-plain-text elementor-headline-text-wrapper\">Nuestro trabajo se sostiene en una presencia constante en el territorio y en un v\u00ednculo profundo con j\u00f3venes, familias, l\u00edderes sociales y organizaciones comunitarias. Desde este<\/span>\n\t\t\t\t<span class=\"elementor-headline-dynamic-wrapper elementor-headline-text-wrapper\">\n\t\t\t\t\t<span class=\"elementor-headline-dynamic-text elementor-headline-text-active\">di\u00e1logo cercano,<\/span>\n\t\t\t\t<\/span>\n\t\t\t\t\t<span class=\"elementor-headline-plain-text elementor-headline-text-wrapper\">identificamos las necesidades, barreras y potencialidades del territorio, y dise\u00f1amos procesos que permitan a las personas avanzar hacia sus objetivos personales y colectivos.<\/span>\n\t\t\t\t\t<\/h3>\n\t\t<\/a>\t\t\t\t<\/div>\n\t\t\t\t<\/div>\n\t\t\t\t<div class=\"elementor-element elementor-element-9af69b8 elementor-widget-mobile__width-initial elementor-headline--style-highlight elementor-widget elementor-widget-animated-headline\" data-id=\"9af69b8\" data-element_type=\"widget\" data-settings=\"{&quot;marker&quot;:&quot;underline&quot;,&quot;highlighted_text&quot;:&quot;hotel Dos Aguas&quot;,&quot;headline_style&quot;:&quot;highlight&quot;,&quot;loop&quot;:&quot;yes&quot;,&quot;highlight_animation_duration&quot;:1200,&quot;highlight_iteration_delay&quot;:8000}\" data-widget_type=\"animated-headline.default\">\n\t\t\t\t<div class=\"elementor-widget-container\">\n\t\t\t\t\t\t\t\t<a href=\"https:\/\/dosaguas.co\/\">\n\n\t\t\t\t\t<h3 class=\"elementor-headline\">\n\t\t\t\t\t<span class=\"elementor-headline-plain-text elementor-headline-text-wrapper\">La Fundaci\u00f3n surge como una extensi\u00f3n del compromiso social del<\/span>\n\t\t\t\t<span class=\"elementor-headline-dynamic-wrapper elementor-headline-text-wrapper\">\n\t\t\t\t\t<span class=\"elementor-headline-dynamic-text elementor-headline-text-active\">hotel Dos Aguas<\/span>\n\t\t\t\t<\/span>\n\t\t\t\t\t<span class=\"elementor-headline-plain-text elementor-headline-text-wrapper\">Lodge, Empresa B certificada y referente del turismo sostenible en el Caribe colombiano. Esta articulaci\u00f3n entre un proyecto empresarial regenerativo y una organizaci\u00f3n social comunitaria nos otorga la capacidad t\u00e9cnica, metodol\u00f3gica y humana para impulsar un modelo de desarrollo que fortalece la econom\u00eda local, protege la identidad cultural y asegura que el turismo genere bienestar real para quienes habitan este territorio.<\/span>\n\t\t\t\t\t<\/h3>\n\t\t<\/a>\t\t\t\t<\/div>\n\t\t\t\t<\/div>\n\t\t\t\t<div class=\"elementor-element elementor-element-a27b18c elementor-widget-mobile__width-initial elementor-headline--style-highlight elementor-widget elementor-widget-animated-headline\" data-id=\"a27b18c\" data-element_type=\"widget\" data-settings=\"{&quot;marker&quot;:&quot;underline&quot;,&quot;highlighted_text&quot;:&quot;la incluya, la dignifique y la impulse&quot;,&quot;headline_style&quot;:&quot;highlight&quot;,&quot;loop&quot;:&quot;yes&quot;,&quot;highlight_animation_duration&quot;:1200,&quot;highlight_iteration_delay&quot;:8000}\" data-widget_type=\"animated-headline.default\">\n\t\t\t\t<div class=\"elementor-widget-container\">\n\t\t\t\t\t\t\t\t<a href=\"https:\/\/dosaguas.co\/\">\n\n\t\t\t\t\t<h3 class=\"elementor-headline\">\n\t\t\t\t\t<span class=\"elementor-headline-plain-text elementor-headline-text-wrapper\">En un contexto de r\u00e1pido crecimiento tur\u00edstico, nuestra misi\u00f3n es clara: garantizar que el progreso no desplace a la comunidad, sino que<\/span>\n\t\t\t\t<span class=\"elementor-headline-dynamic-wrapper elementor-headline-text-wrapper\">\n\t\t\t\t\t<span class=\"elementor-headline-dynamic-text elementor-headline-text-active\">la incluya, la dignifique y la impulse<\/span>\n\t\t\t\t<\/span>\n\t\t\t\t\t<span class=\"elementor-headline-plain-text elementor-headline-text-wrapper\">hacia un futuro sostenible.<\/span>\n\t\t\t\t\t<\/h3>\n\t\t<\/a>\t\t\t\t<\/div>\n\t\t\t\t<\/div>\n\t\t\t\t<\/div>\n\t\t<section class=\"elementor-element elementor-element-7db87c5 e-con-full e-flex e-con e-child\" data-id=\"7db87c5\" data-element_type=\"container\">\n\t\t\t\t<div class=\"elementor-element elementor-element-d6fb3c6 elementor-headline--style-highlight elementor-widget elementor-widget-animated-headline\" data-id=\"d6fb3c6\" data-element_type=\"widget\" data-settings=\"{&quot;marker&quot;:&quot;curly&quot;,&quot;highlighted_text&quot;:&quot;Con\\u00f3cenos.&quot;,&quot;highlight_iteration_delay&quot;:16000,&quot;headline_style&quot;:&quot;highlight&quot;,&quot;loop&quot;:&quot;yes&quot;,&quot;highlight_animation_duration&quot;:1200}\" data-widget_type=\"animated-headline.default\">\n\t\t\t\t<div class=\"elementor-widget-container\">\n\t\t\t\t\t\t\t\t<a href=\"https:\/\/dosaguas.co\/es\/fundacion-nuevo\/sobre-nosotros\/nuestro-equipo\">\n\n\t\t\t\t\t<h3 class=\"elementor-headline\">\n\t\t\t\t<span class=\"elementor-headline-dynamic-wrapper elementor-headline-text-wrapper\">\n\t\t\t\t\t<span class=\"elementor-headline-dynamic-text elementor-headline-text-active\">Con\u00f3cenos.<\/span>\n\t\t\t\t<\/span>\n\t\t\t\t\t<span class=\"elementor-headline-plain-text elementor-headline-text-wrapper\">S\u00e9 parte de esta transformaci\u00f3n.<\/span>\n\t\t\t\t\t<\/h3>\n\t\t<\/a>\t\t\t\t<\/div>\n\t\t\t\t<\/div>\n\t\t\t\t<\/section>\n\t\t\t\t\t<\/div>\n\t\t\t\t<\/div>\n\t\t<div class=\"elementor-element elementor-element-21bd8dd e-flex e-con-boxed e-con e-parent\" data-id=\"21bd8dd\" data-element_type=\"container\">\n\t\t\t\t\t<div class=\"e-con-inner\">\n\t\t<div class=\"elementor-element elementor-element-926b341 e-con-full e-flex e-con e-child\" data-id=\"926b341\" data-element_type=\"container\">\n\t\t\t\t<div class=\"elementor-element elementor-element-9d8a168 elementor-align-right elementor-mobile-align-center elementor-widget__width-initial elementor-widget-mobile__width-initial elementor-hidden-mobile elementor-invisible elementor-widget elementor-widget-button\" data-id=\"9d8a168\" data-element_type=\"widget\" data-settings=\"{&quot;_animation&quot;:&quot;fadeInRight&quot;,&quot;sticky&quot;:&quot;bottom&quot;,&quot;sticky_offset&quot;:130,&quot;sticky_offset_mobile&quot;:100,&quot;sticky_effects_offset_mobile&quot;:0,&quot;sticky_anchor_link_offset_mobile&quot;:0,&quot;sticky_on&quot;:[&quot;desktop&quot;,&quot;tablet&quot;,&quot;mobile&quot;],&quot;sticky_effects_offset&quot;:0,&quot;sticky_anchor_link_offset&quot;:0}\" data-widget_type=\"button.default\">\n\t\t\t\t<div class=\"elementor-widget-container\">\n\t\t\t\t\t\t\t\t\t<div class=\"elementor-button-wrapper\">\n\t\t\t\t\t<a class=\"elementor-button elementor-button-link elementor-size-sm elementor-animation-grow\" href=\"https:\/\/docs.google.com\/forms\/d\/e\/1FAIpQLSearWXcsSRqAi0qzSsl2f0G6C6mZ5GLugBYuE_xHUVAg9nqAw\/viewform\" target=\"_blank\" id=\"btn-donate\">\n\t\t\t\t\t\t<span class=\"elementor-button-content-wrapper\">\n\t\t\t\t\t\t\t\t\t<span class=\"elementor-button-text\">Dona<\/span>\n\t\t\t\t\t<\/span>\n\t\t\t\t\t<\/a>\n\t\t\t\t<\/div>\n\t\t\t\t\t\t\t\t<\/div>\n\t\t\t\t<\/div>\n\t\t\t\t<\/div>\n\t\t\t\t\t<\/div>\n\t\t\t\t<\/div>\n\t\t\t\t<\/div>\n\t\t","protected":false},"excerpt":{"rendered":"<p>Nuestra Misi\u00f3n En Fundaci\u00f3n Dos Aguas trabajamos para mitigar el impacto social del crecimiento tur\u00edstico en Rinc\u00f3n del Mar, acompa\u00f1ando a su gente para que sea protagonista del desarrollo econ\u00f3mico, ambiental y cultural de su propio territorio. Creemos que el bienestar colectivo se construye desde adentro: escuchando a la comunidad, reconociendo sus saberes, fortaleciendo sus [&hellip;]<\/p>\n","protected":false},"author":8,"featured_media":0,"parent":17622,"menu_order":0,"comment_status":"closed","ping_status":"closed","template":"","meta":{"site-sidebar-layout":"no-sidebar","site-content-layout":"page-builder","ast-site-content-layout":"full-width-container","site-content-style":"default","site-sidebar-style":"default","ast-global-header-display":"","ast-banner-title-visibility":"","ast-main-header-display":"","ast-hfb-above-header-display":"","ast-hfb-below-header-display":"","ast-hfb-mobile-header-display":"","site-post-title":"disabled","ast-breadcrumbs-content":"","ast-featured-img":"disabled","footer-sml-layout":"","theme-transparent-header-meta":"","adv-header-id-meta":"","stick-header-meta":"","header-above-stick-meta":"","header-main-stick-meta":"","header-below-stick-meta":"","astra-migrate-meta-layouts":"set","ast-page-background-enabled":"default","ast-page-background-meta":{"desktop":{"background-color":"var(--ast-global-color-4)","background-image":"","background-repeat":"repeat","background-position":"center center","background-size":"auto","background-attachment":"scroll","background-type":"","background-media":"","overlay-type":"","overlay-color":"","overlay-opacity":"","overlay-gradient":""},"tablet":{"background-color":"","background-image":"","background-repeat":"repeat","background-position":"center center","background-size":"auto","background-attachment":"scroll","background-type":"","background-media":"","overlay-type":"","overlay-color":"","overlay-opacity":"","overlay-gradient":""},"mobile":{"background-color":"","background-image":"","background-repeat":"repeat","background-position":"center center","background-size":"auto","background-attachment":"scroll","background-type":"","background-media":"","overlay-type":"","overlay-color":"","overlay-opacity":"","overlay-gradient":""}},"ast-content-background-meta":{"desktop":{"background-color":"var(--ast-global-color-5)","background-image":"","background-repeat":"repeat","background-position":"center center","background-size":"auto","background-attachment":"scroll","background-type":"","background-media":"","overlay-type":"","overlay-color":"","overlay-opacity":"","overlay-gradient":""},"tablet":{"background-color":"var(--ast-global-color-5)","background-image":"","background-repeat":"repeat","background-position":"center center","background-size":"auto","background-attachment":"scroll","background-type":"","background-media":"","overlay-type":"","overlay-color":"","overlay-opacity":"","overlay-gradient":""},"mobile":{"background-color":"var(--ast-global-color-5)","background-image":"","background-repeat":"repeat","background-position":"center center","background-size":"auto","background-attachment":"scroll","background-type":"","background-media":"","overlay-type":"","overlay-color":"","overlay-opacity":"","overlay-gradient":""}},"footnotes":""},"class_list":["post-17683","page","type-page","status-publish","hentry"],"yoast_head":"<!-- This site is optimized with the Yoast SEO plugin v25.5 - https:\/\/yoast.com\/wordpress\/plugins\/seo\/ -->\n<title>Nuestra misi\u00f3n | FUNDACI\u00d3N DOS AGUAS<\/title>\n<meta name=\"robots\" content=\"index, follow, max-snippet:-1, max-image-preview:large, max-video-preview:-1\" \/>\n<link rel=\"canonical\" href=\"https:\/\/dosaguas.co\/es\/fundacion\/sobre-nosotros\/nuestra-mision\" \/>\n<meta property=\"og:locale\" content=\"es_ES\" \/>\n<meta property=\"og:type\" content=\"article\" \/>\n<meta property=\"og:title\" content=\"Nuestra misi\u00f3n | FUNDACI\u00d3N DOS AGUAS\" \/>\n<meta property=\"og:description\" content=\"Nuestra Misi\u00f3n En Fundaci\u00f3n Dos Aguas trabajamos para mitigar el impacto social del crecimiento tur\u00edstico en Rinc\u00f3n del Mar, acompa\u00f1ando a su gente para que sea protagonista del desarrollo econ\u00f3mico, ambiental y cultural de su propio territorio. Creemos que el bienestar colectivo se construye desde adentro: escuchando a la comunidad, reconociendo sus saberes, fortaleciendo sus [&hellip;]\" \/>\n<meta property=\"og:url\" content=\"https:\/\/dosaguas.co\/es\/fundacion\/sobre-nosotros\/nuestra-mision\" \/>\n<meta property=\"og:site_name\" content=\"FUNDACI\u00d3N DOS AGUAS\" \/>\n<meta property=\"article:publisher\" content=\"https:\/\/web.facebook.com\/DosAguasLodge\/\" \/>\n<meta property=\"article:modified_time\" content=\"2026-03-03T20:39:06+00:00\" \/>\n<meta property=\"og:image\" content=\"https:\/\/dosaguas.co\/wp-content\/uploads\/2023\/02\/logo-dos-aguas-lodge-for-social-media.jpg\" \/>\n\t<meta property=\"og:image:width\" content=\"1200\" \/>\n\t<meta property=\"og:image:height\" content=\"675\" \/>\n\t<meta property=\"og:image:type\" content=\"image\/jpeg\" \/>\n<meta name=\"twitter:card\" content=\"summary_large_image\" \/>\n<meta name=\"twitter:label1\" content=\"Tiempo de lectura\" \/>\n\t<meta name=\"twitter:data1\" content=\"2 minutos\" \/>\n<script type=\"application\/ld+json\" class=\"yoast-schema-graph\">{\"@context\":\"https:\/\/schema.org\",\"@graph\":[{\"@type\":\"WebPage\",\"@id\":\"https:\/\/dosaguas.co\/es\/fundacion\/sobre-nosotros\/nuestra-mision\",\"url\":\"https:\/\/dosaguas.co\/es\/fundacion\/sobre-nosotros\/nuestra-mision\",\"name\":\"Nuestra misi\u00f3n | FUNDACI\u00d3N DOS AGUAS\",\"isPartOf\":{\"@id\":\"\/#website\"},\"datePublished\":\"2025-12-02T18:01:46+00:00\",\"dateModified\":\"2026-03-03T20:39:06+00:00\",\"breadcrumb\":{\"@id\":\"https:\/\/dosaguas.co\/es\/fundacion\/sobre-nosotros\/nuestra-mision#breadcrumb\"},\"inLanguage\":\"es-CO\",\"potentialAction\":[{\"@type\":\"ReadAction\",\"target\":[\"https:\/\/dosaguas.co\/es\/fundacion\/sobre-nosotros\/nuestra-mision\"]}]},{\"@type\":\"BreadcrumbList\",\"@id\":\"https:\/\/dosaguas.co\/es\/fundacion\/sobre-nosotros\/nuestra-mision#breadcrumb\",\"itemListElement\":[{\"@type\":\"ListItem\",\"position\":1,\"name\":\"Inicio\",\"item\":\"https:\/\/dosaguas.co\/es\"},{\"@type\":\"ListItem\",\"position\":2,\"name\":\"Fundacion Dos Aguas\",\"item\":\"https:\/\/dosaguas.co\/es\/fundacion\"},{\"@type\":\"ListItem\",\"position\":3,\"name\":\"Sobre nosotros\",\"item\":\"https:\/\/dosaguas.co\/es\/fundacion\/sobre-nosotros\"},{\"@type\":\"ListItem\",\"position\":4,\"name\":\"Nuestra misi\u00f3n\"}]},{\"@type\":\"WebSite\",\"@id\":\"\/#website\",\"url\":\"\/\",\"name\":\"FUNDACI\u00d3N DOS AGUAS\",\"description\":\"\",\"publisher\":{\"@id\":\"\/#organization\"},\"alternateName\":\"DOS AGUAS\",\"potentialAction\":[{\"@type\":\"SearchAction\",\"target\":{\"@type\":\"EntryPoint\",\"urlTemplate\":\"\/?s={search_term_string}\"},\"query-input\":{\"@type\":\"PropertyValueSpecification\",\"valueRequired\":true,\"valueName\":\"search_term_string\"}}],\"inLanguage\":\"es-CO\"},{\"@type\":\"Organization\",\"@id\":\"\/#organization\",\"name\":\"DOS AGUAS LODGE EN RINC\u00d3N DEL MAR\",\"alternateName\":\"DOS AGUAS\",\"url\":\"\/\",\"logo\":{\"@type\":\"ImageObject\",\"inLanguage\":\"es-CO\",\"@id\":\"\/#\/schema\/logo\/image\/\",\"url\":\"https:\/\/dosaguas.co\/wp-content\/uploads\/2023\/02\/logo-dos-aguas-lodge-website.jpg\",\"contentUrl\":\"https:\/\/dosaguas.co\/wp-content\/uploads\/2023\/02\/logo-dos-aguas-lodge-website.jpg\",\"width\":696,\"height\":696,\"caption\":\"DOS AGUAS LODGE EN RINC\u00d3N DEL MAR\"},\"image\":{\"@id\":\"\/#\/schema\/logo\/image\/\"},\"sameAs\":[\"https:\/\/web.facebook.com\/DosAguasLodge\/\",\"https:\/\/www.tripadvisor.co\/Hotel_Review-g10326747-d17323989-Reviews-Dos_Aguas_Lodge-Rincon_del_Mar_San_Onofre_Sucre_Department.html\",\"https:\/\/www.instagram.com\/dosaguaslodge\/\"]}]}<\/script>\n<!-- \/ Yoast SEO plugin. -->","yoast_head_json":{"title":"Nuestra misi\u00f3n | FUNDACI\u00d3N DOS AGUAS","robots":{"index":"index","follow":"follow","max-snippet":"max-snippet:-1","max-image-preview":"max-image-preview:large","max-video-preview":"max-video-preview:-1"},"canonical":"https:\/\/dosaguas.co\/es\/fundacion\/sobre-nosotros\/nuestra-mision","og_locale":"es_ES","og_type":"article","og_title":"Nuestra misi\u00f3n | FUNDACI\u00d3N DOS AGUAS","og_description":"Nuestra Misi\u00f3n En Fundaci\u00f3n Dos Aguas trabajamos para mitigar el impacto social del crecimiento tur\u00edstico en Rinc\u00f3n del Mar, acompa\u00f1ando a su gente para que sea protagonista del desarrollo econ\u00f3mico, ambiental y cultural de su propio territorio. Creemos que el bienestar colectivo se construye desde adentro: escuchando a la comunidad, reconociendo sus saberes, fortaleciendo sus [&hellip;]","og_url":"https:\/\/dosaguas.co\/es\/fundacion\/sobre-nosotros\/nuestra-mision","og_site_name":"FUNDACI\u00d3N DOS AGUAS","article_publisher":"https:\/\/web.facebook.com\/DosAguasLodge\/","article_modified_time":"2026-03-03T20:39:06+00:00","og_image":[{"width":1200,"height":675,"url":"https:\/\/dosaguas.co\/wp-content\/uploads\/2023\/02\/logo-dos-aguas-lodge-for-social-media.jpg","type":"image\/jpeg"}],"twitter_card":"summary_large_image","twitter_misc":{"Tiempo de lectura":"2 minutos"},"schema":{"@context":"https:\/\/schema.org","@graph":[{"@type":"WebPage","@id":"https:\/\/dosaguas.co\/es\/fundacion\/sobre-nosotros\/nuestra-mision","url":"https:\/\/dosaguas.co\/es\/fundacion\/sobre-nosotros\/nuestra-mision","name":"Nuestra misi\u00f3n | FUNDACI\u00d3N DOS AGUAS","isPartOf":{"@id":"\/#website"},"datePublished":"2025-12-02T18:01:46+00:00","dateModified":"2026-03-03T20:39:06+00:00","breadcrumb":{"@id":"https:\/\/dosaguas.co\/es\/fundacion\/sobre-nosotros\/nuestra-mision#breadcrumb"},"inLanguage":"es-CO","potentialAction":[{"@type":"ReadAction","target":["https:\/\/dosaguas.co\/es\/fundacion\/sobre-nosotros\/nuestra-mision"]}]},{"@type":"BreadcrumbList","@id":"https:\/\/dosaguas.co\/es\/fundacion\/sobre-nosotros\/nuestra-mision#breadcrumb","itemListElement":[{"@type":"ListItem","position":1,"name":"Inicio","item":"https:\/\/dosaguas.co\/es"},{"@type":"ListItem","position":2,"name":"Fundacion Dos Aguas","item":"https:\/\/dosaguas.co\/es\/fundacion"},{"@type":"ListItem","position":3,"name":"Sobre nosotros","item":"https:\/\/dosaguas.co\/es\/fundacion\/sobre-nosotros"},{"@type":"ListItem","position":4,"name":"Nuestra misi\u00f3n"}]},{"@type":"WebSite","@id":"\/#website","url":"\/","name":"FUNDACI\u00d3N DOS AGUAS","description":"","publisher":{"@id":"\/#organization"},"alternateName":"DOS AGUAS","potentialAction":[{"@type":"SearchAction","target":{"@type":"EntryPoint","urlTemplate":"\/?s={search_term_string}"},"query-input":{"@type":"PropertyValueSpecification","valueRequired":true,"valueName":"search_term_string"}}],"inLanguage":"es-CO"},{"@type":"Organization","@id":"\/#organization","name":"DOS AGUAS LODGE EN RINC\u00d3N DEL MAR","alternateName":"DOS AGUAS","url":"\/","logo":{"@type":"ImageObject","inLanguage":"es-CO","@id":"\/#\/schema\/logo\/image\/","url":"https:\/\/dosaguas.co\/wp-content\/uploads\/2023\/02\/logo-dos-aguas-lodge-website.jpg","contentUrl":"https:\/\/dosaguas.co\/wp-content\/uploads\/2023\/02\/logo-dos-aguas-lodge-website.jpg","width":696,"height":696,"caption":"DOS AGUAS LODGE EN RINC\u00d3N DEL MAR"},"image":{"@id":"\/#\/schema\/logo\/image\/"},"sameAs":["https:\/\/web.facebook.com\/DosAguasLodge\/","https:\/\/www.tripadvisor.co\/Hotel_Review-g10326747-d17323989-Reviews-Dos_Aguas_Lodge-Rincon_del_Mar_San_Onofre_Sucre_Department.html","https:\/\/www.instagram.com\/dosaguaslodge\/"]}]}},"_links":{"self":[{"href":"https:\/\/dosaguas.co\/es\/wp-json\/wp\/v2\/pages\/17683","targetHints":{"allow":["GET"]}}],"collection":[{"href":"https:\/\/dosaguas.co\/es\/wp-json\/wp\/v2\/pages"}],"about":[{"href":"https:\/\/dosaguas.co\/es\/wp-json\/wp\/v2\/types\/page"}],"author":[{"embeddable":true,"href":"https:\/\/dosaguas.co\/es\/wp-json\/wp\/v2\/users\/8"}],"replies":[{"embeddable":true,"href":"https:\/\/dosaguas.co\/es\/wp-json\/wp\/v2\/comments?post=17683"}],"version-history":[{"count":7,"href":"https:\/\/dosaguas.co\/es\/wp-json\/wp\/v2\/pages\/17683\/revisions"}],"predecessor-version":[{"id":18421,"href":"https:\/\/dosaguas.co\/es\/wp-json\/wp\/v2\/pages\/17683\/revisions\/18421"}],"up":[{"embeddable":true,"href":"https:\/\/dosaguas.co\/es\/wp-json\/wp\/v2\/pages\/17622"}],"wp:attachment":[{"href":"https:\/\/dosaguas.co\/es\/wp-json\/wp\/v2\/media?parent=17683"}],"curies":[{"name":"wp","href":"https:\/\/api.w.org\/{rel}","templated":true}]}}