{"id":17610,"date":"2025-12-01T16:11:14","date_gmt":"2025-12-01T21:11:14","guid":{"rendered":"https:\/\/dosaguas.co\/?page_id=17610"},"modified":"2026-02-20T19:22:06","modified_gmt":"2026-02-21T00:22:06","slug":"contacto-fundacion","status":"publish","type":"page","link":"https:\/\/dosaguas.co\/es\/fundacion\/contacto-fundacion","title":{"rendered":"Contacto Fundaci\u00f3n"},"content":{"rendered":"\t\t<div data-elementor-type=\"wp-page\" data-elementor-id=\"17610\" class=\"elementor elementor-17610\" data-elementor-post-type=\"page\">\n\t\t\t\t\t\t<section class=\"elementor-section elementor-top-section elementor-element elementor-element-25396ec elementor-section-boxed elementor-section-height-default elementor-section-height-default\" data-id=\"25396ec\" data-element_type=\"section\" data-settings=\"{&quot;background_background&quot;:&quot;classic&quot;}\">\n\t\t\t\t\t\t<div class=\"elementor-container elementor-column-gap-no\">\n\t\t\t\t\t<div class=\"elementor-column elementor-col-100 elementor-top-column elementor-element elementor-element-4ef9d0f\" data-id=\"4ef9d0f\" data-element_type=\"column\">\n\t\t\t<div class=\"elementor-widget-wrap elementor-element-populated\">\n\t\t\t\t\t\t<div class=\"elementor-section elementor-inner-section elementor-element elementor-element-0918d8e elementor-section-content-top elementor-section-boxed elementor-section-height-default elementor-section-height-default\" data-id=\"0918d8e\" data-element_type=\"section\">\n\t\t\t\t\t\t<div class=\"elementor-container elementor-column-gap-no\">\n\t\t\t\t\t<div class=\"elementor-column elementor-col-50 elementor-inner-column elementor-element elementor-element-2be0b60\" data-id=\"2be0b60\" data-element_type=\"column\">\n\t\t\t<div class=\"elementor-widget-wrap elementor-element-populated\">\n\t\t\t\t\t\t<div class=\"elementor-element elementor-element-9380233 elementor-invisible elementor-widget elementor-widget-heading\" data-id=\"9380233\" data-element_type=\"widget\" data-settings=\"{&quot;_animation&quot;:&quot;fadeInUp&quot;}\" data-widget_type=\"heading.default\">\n\t\t\t\t<div class=\"elementor-widget-container\">\n\t\t\t\t\t<h2 class=\"elementor-heading-title elementor-size-default\">Cont\u00e1ctanos!<\/h2>\t\t\t\t<\/div>\n\t\t\t\t<\/div>\n\t\t\t\t<div class=\"elementor-element elementor-element-6b40427 elementor-invisible elementor-widget elementor-widget-heading\" data-id=\"6b40427\" data-element_type=\"widget\" data-settings=\"{&quot;_animation&quot;:&quot;fadeInUp&quot;}\" data-widget_type=\"heading.default\">\n\t\t\t\t<div class=\"elementor-widget-container\">\n\t\t\t\t\t<div class=\"elementor-heading-title elementor-size-default\">Nos encantar\u00eda escuchar de ti y resolver cualquier pregunta o inquietud que puedas tener.<br> <br>Puedes contactarnos por tel\u00e9fono, WhatsApp, email o a trav\u00e9s del siguiente formulario. <br><\/div>\t\t\t\t<\/div>\n\t\t\t\t<\/div>\n\t\t\t\t<div class=\"elementor-element elementor-element-32353b8 elementor-widget-divider--view-line_text elementor-widget-divider--element-align-right elementor-invisible elementor-widget elementor-widget-divider\" data-id=\"32353b8\" data-element_type=\"widget\" data-settings=\"{&quot;_animation&quot;:&quot;fadeInUp&quot;}\" data-widget_type=\"divider.default\">\n\t\t\t\t<div class=\"elementor-widget-container\">\n\t\t\t\t\t\t\t<div class=\"elementor-divider\">\n\t\t\t<span class=\"elementor-divider-separator\">\n\t\t\t\t\t\t\t<div class=\"elementor-divider__text elementor-divider__element\">\n\t\t\t\tDatos de contacto\t\t\t\t<\/div>\n\t\t\t\t\t\t<\/span>\n\t\t<\/div>\n\t\t\t\t\t\t<\/div>\n\t\t\t\t<\/div>\n\t\t\t\t<div class=\"elementor-element elementor-element-043a37f elementor-align-left elementor-icon-list--layout-traditional elementor-list-item-link-full_width elementor-invisible elementor-widget elementor-widget-icon-list\" data-id=\"043a37f\" data-element_type=\"widget\" data-settings=\"{&quot;_animation&quot;:&quot;fadeInUp&quot;}\" data-widget_type=\"icon-list.default\">\n\t\t\t\t<div class=\"elementor-widget-container\">\n\t\t\t\t\t\t\t<ul class=\"elementor-icon-list-items\">\n\t\t\t\t\t\t\t<li class=\"elementor-icon-list-item\">\n\t\t\t\t\t\t\t\t\t\t\t<a href=\"tel:+573214858941\">\n\n\t\t\t\t\t\t\t\t\t\t\t\t<span class=\"elementor-icon-list-icon\">\n\t\t\t\t\t\t\t<i aria-hidden=\"true\" class=\"fas fa-phone-square-alt\"><\/i>\t\t\t\t\t\t<\/span>\n\t\t\t\t\t\t\t\t\t\t<span class=\"elementor-icon-list-text\">(+57) 321 485 8941<\/span>\n\t\t\t\t\t\t\t\t\t\t\t<\/a>\n\t\t\t\t\t\t\t\t\t<\/li>\n\t\t\t\t\t\t\t\t<li class=\"elementor-icon-list-item\">\n\t\t\t\t\t\t\t\t\t\t\t<a href=\"tel:+573108979615\">\n\n\t\t\t\t\t\t\t\t\t\t\t\t<span class=\"elementor-icon-list-icon\">\n\t\t\t\t\t\t\t<i aria-hidden=\"true\" class=\"fas fa-phone-square-alt\"><\/i>\t\t\t\t\t\t<\/span>\n\t\t\t\t\t\t\t\t\t\t<span class=\"elementor-icon-list-text\">(+57) 310 897 96 15<\/span>\n\t\t\t\t\t\t\t\t\t\t\t<\/a>\n\t\t\t\t\t\t\t\t\t<\/li>\n\t\t\t\t\t\t\t\t<li class=\"elementor-icon-list-item\">\n\t\t\t\t\t\t\t\t\t\t\t<span class=\"elementor-icon-list-icon\">\n\t\t\t\t\t\t\t<i aria-hidden=\"true\" class=\"fas fa-map-marker-alt\"><\/i>\t\t\t\t\t\t<\/span>\n\t\t\t\t\t\t\t\t\t\t<span class=\"elementor-icon-list-text\">Rinc\u00f3n del Mar, San Onofre, Sucre, Colombia<\/span>\n\t\t\t\t\t\t\t\t\t<\/li>\n\t\t\t\t\t\t<\/ul>\n\t\t\t\t\t\t<\/div>\n\t\t\t\t<\/div>\n\t\t\t\t<div class=\"elementor-element elementor-element-1412d01 elementor-shape-circle e-grid-align-tablet-center e-grid-align-mobile-center elementor-grid-0 e-grid-align-center elementor-invisible elementor-widget elementor-widget-social-icons\" data-id=\"1412d01\" data-element_type=\"widget\" data-settings=\"{&quot;_animation&quot;:&quot;fadeInUp&quot;}\" data-widget_type=\"social-icons.default\">\n\t\t\t\t<div class=\"elementor-widget-container\">\n\t\t\t\t\t\t\t<div class=\"elementor-social-icons-wrapper elementor-grid\">\n\t\t\t\t\t\t\t<span class=\"elementor-grid-item\">\n\t\t\t\t\t<a class=\"elementor-icon elementor-social-icon elementor-social-icon-instagram elementor-animation-grow elementor-repeater-item-4d9571d\" href=\"https:\/\/www.instagram.com\/fundaciondosaguas\/\" target=\"_blank\">\n\t\t\t\t\t\t<span class=\"elementor-screen-only\">Instagram<\/span>\n\t\t\t\t\t\t<i class=\"fab fa-instagram\"><\/i>\t\t\t\t\t<\/a>\n\t\t\t\t<\/span>\n\t\t\t\t\t\t\t<span class=\"elementor-grid-item\">\n\t\t\t\t\t<a class=\"elementor-icon elementor-social-icon elementor-social-icon-whatsapp elementor-animation-grow elementor-repeater-item-d9ec588\" href=\"http:\/\/wa.link\/dosaguas%20\" target=\"_blank\">\n\t\t\t\t\t\t<span class=\"elementor-screen-only\">Whatsapp<\/span>\n\t\t\t\t\t\t<i class=\"fab fa-whatsapp\"><\/i>\t\t\t\t\t<\/a>\n\t\t\t\t<\/span>\n\t\t\t\t\t\t\t<span class=\"elementor-grid-item\">\n\t\t\t\t\t<a class=\"elementor-icon elementor-social-icon elementor-social-icon-envelope elementor-animation-grow elementor-repeater-item-46106ba\" href=\"mailto:fundacion@dosaguas.co\" target=\"_blank\">\n\t\t\t\t\t\t<span class=\"elementor-screen-only\">Envelope<\/span>\n\t\t\t\t\t\t<i class=\"far fa-envelope\"><\/i>\t\t\t\t\t<\/a>\n\t\t\t\t<\/span>\n\t\t\t\t\t<\/div>\n\t\t\t\t\t\t<\/div>\n\t\t\t\t<\/div>\n\t\t\t\t\t<\/div>\n\t\t<\/div>\n\t\t\t\t<div class=\"elementor-column elementor-col-50 elementor-inner-column elementor-element elementor-element-099dfbe elementor-invisible\" data-id=\"099dfbe\" data-element_type=\"column\" data-settings=\"{&quot;background_background&quot;:&quot;classic&quot;,&quot;animation&quot;:&quot;fadeInUp&quot;}\">\n\t\t\t<div class=\"elementor-widget-wrap elementor-element-populated\">\n\t\t\t\t\t\t<div class=\"elementor-element elementor-element-fbe4e66 elementor-invisible elementor-widget elementor-widget-heading\" data-id=\"fbe4e66\" data-element_type=\"widget\" data-settings=\"{&quot;_animation&quot;:&quot;fadeInRight&quot;}\" data-widget_type=\"heading.default\">\n\t\t\t\t<div class=\"elementor-widget-container\">\n\t\t\t\t\t<h4 class=\"elementor-heading-title elementor-size-default\">Env\u00eda tu mensaje<\/h4>\t\t\t\t<\/div>\n\t\t\t\t<\/div>\n\t\t\t\t<div class=\"elementor-element elementor-element-f307a48 elementor-button-align-center elementor-invisible elementor-widget elementor-widget-form\" data-id=\"f307a48\" data-element_type=\"widget\" data-settings=\"{&quot;step_next_label&quot;:&quot;Next&quot;,&quot;step_previous_label&quot;:&quot;Previous&quot;,&quot;_animation&quot;:&quot;fadeInUp&quot;,&quot;button_width&quot;:&quot;100&quot;,&quot;step_type&quot;:&quot;number_text&quot;,&quot;step_icon_shape&quot;:&quot;circle&quot;}\" data-widget_type=\"form.default\">\n\t\t\t\t<div class=\"elementor-widget-container\">\n\t\t\t\t\t\t\t<form class=\"elementor-form\" method=\"post\" name=\"Contacto form\">\n\t\t\t<input type=\"hidden\" name=\"post_id\" value=\"17610\"\/>\n\t\t\t<input type=\"hidden\" name=\"form_id\" value=\"f307a48\"\/>\n\t\t\t<input type=\"hidden\" name=\"referer_title\" value=\"FUNDACI\u00d3N DOS AGUAS\" \/>\n\n\t\t\t\n\t\t\t<div class=\"elementor-form-fields-wrapper elementor-labels-above\">\n\t\t\t\t\t\t\t\t<div class=\"elementor-field-type-text elementor-field-group elementor-column elementor-field-group-name elementor-col-100 elementor-field-required elementor-mark-required\">\n\t\t\t\t\t\t\t\t\t\t\t\t<label for=\"form-field-name\" class=\"elementor-field-label\">\n\t\t\t\t\t\t\t\tNombre Completo\t\t\t\t\t\t\t<\/label>\n\t\t\t\t\t\t\t\t\t\t\t\t\t\t<input size=\"1\" type=\"text\" name=\"form_fields[name]\" id=\"form-field-name\" class=\"elementor-field elementor-size-md  elementor-field-textual\" placeholder=\"Nombre Completo\" required=\"required\">\n\t\t\t\t\t\t\t\t\t\t\t<\/div>\n\t\t\t\t\t\t\t\t<div class=\"elementor-field-type-email elementor-field-group elementor-column elementor-field-group-email elementor-col-100 elementor-field-required elementor-mark-required\">\n\t\t\t\t\t\t\t\t\t\t\t\t<label for=\"form-field-email\" class=\"elementor-field-label\">\n\t\t\t\t\t\t\t\tEmail\t\t\t\t\t\t\t<\/label>\n\t\t\t\t\t\t\t\t\t\t\t\t\t\t<input size=\"1\" type=\"email\" name=\"form_fields[email]\" id=\"form-field-email\" class=\"elementor-field elementor-size-md  elementor-field-textual\" placeholder=\"Email\" required=\"required\">\n\t\t\t\t\t\t\t\t\t\t\t<\/div>\n\t\t\t\t\t\t\t\t<div class=\"elementor-field-type-tel elementor-field-group elementor-column elementor-field-group-field_7697e30 elementor-col-100\">\n\t\t\t\t\t\t\t\t\t\t\t\t<label for=\"form-field-field_7697e30\" class=\"elementor-field-label\">\n\t\t\t\t\t\t\t\tTel\u00e9fono de contacto\t\t\t\t\t\t\t<\/label>\n\t\t\t\t\t\t\t\t<input size=\"1\" type=\"tel\" name=\"form_fields[field_7697e30]\" id=\"form-field-field_7697e30\" class=\"elementor-field elementor-size-md  elementor-field-textual\" placeholder=\"Tel\u00e9fono de contacto\" pattern=\"[0-9()#&amp;+*-=.]+\" title=\"Only numbers and phone characters (#, -, *, etc) are accepted.\">\n\n\t\t\t\t\t\t<\/div>\n\t\t\t\t\t\t\t\t<div class=\"elementor-field-type-textarea elementor-field-group elementor-column elementor-field-group-field_141b985 elementor-col-100 elementor-field-required elementor-mark-required\">\n\t\t\t\t\t\t\t\t\t\t\t\t<label for=\"form-field-field_141b985\" class=\"elementor-field-label\">\n\t\t\t\t\t\t\t\tMensaje\t\t\t\t\t\t\t<\/label>\n\t\t\t\t\t\t<textarea class=\"elementor-field-textual elementor-field  elementor-size-md\" name=\"form_fields[field_141b985]\" id=\"form-field-field_141b985\" rows=\"4\" placeholder=\"Mensaje\" required=\"required\"><\/textarea>\t\t\t\t<\/div>\n\t\t\t\t\t\t\t\t<div class=\"elementor-field-type-html elementor-field-group elementor-column elementor-field-group-field_667383c elementor-col-100 elementor-md-100\">\n\t\t\t\t\tAl hacer clic en ENVIAR, est\u00e1s aceptando las <a href=\"https:\/\/dosaguas.co\/es\/politica-privacidad\">politicas de privacidad y el tratamiento de datos personales.<\/a>\t\t\t\t<\/div>\n\t\t\t\t\t\t\t\t<div class=\"elementor-field-type-recaptcha_v3 elementor-field-group elementor-column elementor-field-group-field_4d447dd elementor-col-100 recaptcha_v3-inline\">\n\t\t\t\t\t<div class=\"elementor-field\" id=\"form-field-field_4d447dd\"><div class=\"elementor-g-recaptcha\" data-sitekey=\"6Leq020kAAAAAPokcW-a5EDo1B0SykeYkpfXTPXH\" data-type=\"v3\" data-action=\"Form\" data-badge=\"inline\" data-size=\"invisible\"><\/div><\/div>\t\t\t\t<\/div>\n\t\t\t\t\t\t\t\t<div class=\"elementor-field-group elementor-column elementor-field-type-submit elementor-col-100 e-form__buttons\">\n\t\t\t\t\t<button class=\"elementor-button elementor-size-md elementor-animation-bob\" type=\"submit\">\n\t\t\t\t\t\t<span class=\"elementor-button-content-wrapper\">\n\t\t\t\t\t\t\t\t\t\t\t\t\t\t\t<span class=\"elementor-button-icon\">\n\t\t\t\t\t\t\t\t\t<i aria-hidden=\"true\" class=\"fas fa-angle-right\"><\/i>\t\t\t\t\t\t\t\t\t\t\t\t\t\t\t\t\t<\/span>\n\t\t\t\t\t\t\t\t\t\t\t\t\t\t\t\t\t\t\t\t\t\t<span class=\"elementor-button-text\">ENVIAR <\/span>\n\t\t\t\t\t\t\t\t\t\t\t\t\t<\/span>\n\t\t\t\t\t<\/button>\n\t\t\t\t<\/div>\n\t\t\t<\/div>\n\t\t<\/form>\n\t\t\t\t\t\t<\/div>\n\t\t\t\t<\/div>\n\t\t\t\t\t<\/div>\n\t\t<\/div>\n\t\t\t\t\t<\/div>\n\t\t<\/div>\n\t\t\t\t\t<\/div>\n\t\t<\/div>\n\t\t\t\t\t<\/div>\n\t\t<\/section>\n\t\t\t\t<\/div>\n\t\t","protected":false},"excerpt":{"rendered":"<p>Cont\u00e1ctanos! Nos encantar\u00eda escuchar de ti y resolver cualquier pregunta o inquietud que puedas tener. Puedes contactarnos por tel\u00e9fono, WhatsApp, email o a trav\u00e9s del siguiente formulario. Datos de contacto (+57) 321 485 8941 (+57) 310 897 96 15 Rinc\u00f3n del Mar, San Onofre, Sucre, Colombia Instagram Whatsapp Envelope Env\u00eda tu mensaje<\/p>\n","protected":false},"author":8,"featured_media":0,"parent":14218,"menu_order":0,"comment_status":"closed","ping_status":"closed","template":"","meta":{"site-sidebar-layout":"no-sidebar","site-content-layout":"page-builder","ast-site-content-layout":"full-width-container","site-content-style":"default","site-sidebar-style":"default","ast-global-header-display":"","ast-banner-title-visibility":"","ast-main-header-display":"","ast-hfb-above-header-display":"","ast-hfb-below-header-display":"","ast-hfb-mobile-header-display":"","site-post-title":"disabled","ast-breadcrumbs-content":"","ast-featured-img":"disabled","footer-sml-layout":"","theme-transparent-header-meta":"","adv-header-id-meta":"","stick-header-meta":"","header-above-stick-meta":"","header-main-stick-meta":"","header-below-stick-meta":"","astra-migrate-meta-layouts":"set","ast-page-background-enabled":"default","ast-page-background-meta":{"desktop":{"background-color":"var(--ast-global-color-4)","background-image":"","background-repeat":"repeat","background-position":"center center","background-size":"auto","background-attachment":"scroll","background-type":"","background-media":"","overlay-type":"","overlay-color":"","overlay-opacity":"","overlay-gradient":""},"tablet":{"background-color":"","background-image":"","background-repeat":"repeat","background-position":"center center","background-size":"auto","background-attachment":"scroll","background-type":"","background-media":"","overlay-type":"","overlay-color":"","overlay-opacity":"","overlay-gradient":""},"mobile":{"background-color":"","background-image":"","background-repeat":"repeat","background-position":"center center","background-size":"auto","background-attachment":"scroll","background-type":"","background-media":"","overlay-type":"","overlay-color":"","overlay-opacity":"","overlay-gradient":""}},"ast-content-background-meta":{"desktop":{"background-color":"var(--ast-global-color-5)","background-image":"","background-repeat":"repeat","background-position":"center center","background-size":"auto","background-attachment":"scroll","background-type":"","background-media":"","overlay-type":"","overlay-color":"","overlay-opacity":"","overlay-gradient":""},"tablet":{"background-color":"var(--ast-global-color-5)","background-image":"","background-repeat":"repeat","background-position":"center center","background-size":"auto","background-attachment":"scroll","background-type":"","background-media":"","overlay-type":"","overlay-color":"","overlay-opacity":"","overlay-gradient":""},"mobile":{"background-color":"var(--ast-global-color-5)","background-image":"","background-repeat":"repeat","background-position":"center center","background-size":"auto","background-attachment":"scroll","background-type":"","background-media":"","overlay-type":"","overlay-color":"","overlay-opacity":"","overlay-gradient":""}},"footnotes":""},"class_list":["post-17610","page","type-page","status-publish","hentry"],"yoast_head":"<!-- This site is optimized with the Yoast SEO plugin v25.5 - https:\/\/yoast.com\/wordpress\/plugins\/seo\/ -->\n<title>Contacto Fundaci\u00f3n | FUNDACI\u00d3N DOS AGUAS<\/title>\n<meta name=\"robots\" content=\"index, follow, max-snippet:-1, max-image-preview:large, max-video-preview:-1\" \/>\n<link rel=\"canonical\" href=\"https:\/\/dosaguas.co\/es\/fundacion\/contacto-fundacion\" \/>\n<meta property=\"og:locale\" content=\"es_ES\" \/>\n<meta property=\"og:type\" content=\"article\" \/>\n<meta property=\"og:title\" content=\"Contacto Fundaci\u00f3n | FUNDACI\u00d3N DOS AGUAS\" \/>\n<meta property=\"og:description\" content=\"Cont\u00e1ctanos! Nos encantar\u00eda escuchar de ti y resolver cualquier pregunta o inquietud que puedas tener. Puedes contactarnos por tel\u00e9fono, WhatsApp, email o a trav\u00e9s del siguiente formulario. Datos de contacto (+57) 321 485 8941 (+57) 310 897 96 15 Rinc\u00f3n del Mar, San Onofre, Sucre, Colombia Instagram Whatsapp Envelope Env\u00eda tu mensaje\" \/>\n<meta property=\"og:url\" content=\"https:\/\/dosaguas.co\/es\/fundacion\/contacto-fundacion\" \/>\n<meta property=\"og:site_name\" content=\"FUNDACI\u00d3N DOS AGUAS\" \/>\n<meta property=\"article:publisher\" content=\"https:\/\/web.facebook.com\/DosAguasLodge\/\" \/>\n<meta property=\"article:modified_time\" content=\"2026-02-21T00:22:06+00:00\" \/>\n<meta property=\"og:image\" content=\"https:\/\/dosaguas.co\/wp-content\/uploads\/2023\/02\/logo-dos-aguas-lodge-for-social-media.jpg\" \/>\n\t<meta property=\"og:image:width\" content=\"1200\" \/>\n\t<meta property=\"og:image:height\" content=\"675\" \/>\n\t<meta property=\"og:image:type\" content=\"image\/jpeg\" \/>\n<meta name=\"twitter:card\" content=\"summary_large_image\" \/>\n<meta name=\"twitter:label1\" content=\"Tiempo de lectura\" \/>\n\t<meta name=\"twitter:data1\" content=\"1 minuto\" \/>\n<script type=\"application\/ld+json\" class=\"yoast-schema-graph\">{\"@context\":\"https:\/\/schema.org\",\"@graph\":[{\"@type\":\"WebPage\",\"@id\":\"https:\/\/dosaguas.co\/es\/fundacion\/contacto-fundacion\",\"url\":\"https:\/\/dosaguas.co\/es\/fundacion\/contacto-fundacion\",\"name\":\"Contacto Fundaci\u00f3n | FUNDACI\u00d3N DOS AGUAS\",\"isPartOf\":{\"@id\":\"\/#website\"},\"datePublished\":\"2025-12-01T21:11:14+00:00\",\"dateModified\":\"2026-02-21T00:22:06+00:00\",\"breadcrumb\":{\"@id\":\"https:\/\/dosaguas.co\/es\/fundacion\/contacto-fundacion#breadcrumb\"},\"inLanguage\":\"es-CO\",\"potentialAction\":[{\"@type\":\"ReadAction\",\"target\":[\"https:\/\/dosaguas.co\/es\/fundacion\/contacto-fundacion\"]}]},{\"@type\":\"BreadcrumbList\",\"@id\":\"https:\/\/dosaguas.co\/es\/fundacion\/contacto-fundacion#breadcrumb\",\"itemListElement\":[{\"@type\":\"ListItem\",\"position\":1,\"name\":\"Inicio\",\"item\":\"https:\/\/dosaguas.co\/es\"},{\"@type\":\"ListItem\",\"position\":2,\"name\":\"Fundacion Dos Aguas\",\"item\":\"https:\/\/dosaguas.co\/es\/fundacion\"},{\"@type\":\"ListItem\",\"position\":3,\"name\":\"Contacto Fundaci\u00f3n\"}]},{\"@type\":\"WebSite\",\"@id\":\"\/#website\",\"url\":\"\/\",\"name\":\"FUNDACI\u00d3N DOS AGUAS\",\"description\":\"\",\"publisher\":{\"@id\":\"\/#organization\"},\"alternateName\":\"DOS AGUAS\",\"potentialAction\":[{\"@type\":\"SearchAction\",\"target\":{\"@type\":\"EntryPoint\",\"urlTemplate\":\"\/?s={search_term_string}\"},\"query-input\":{\"@type\":\"PropertyValueSpecification\",\"valueRequired\":true,\"valueName\":\"search_term_string\"}}],\"inLanguage\":\"es-CO\"},{\"@type\":\"Organization\",\"@id\":\"\/#organization\",\"name\":\"DOS AGUAS LODGE EN RINC\u00d3N DEL MAR\",\"alternateName\":\"DOS AGUAS\",\"url\":\"\/\",\"logo\":{\"@type\":\"ImageObject\",\"inLanguage\":\"es-CO\",\"@id\":\"\/#\/schema\/logo\/image\/\",\"url\":\"https:\/\/dosaguas.co\/wp-content\/uploads\/2023\/02\/logo-dos-aguas-lodge-website.jpg\",\"contentUrl\":\"https:\/\/dosaguas.co\/wp-content\/uploads\/2023\/02\/logo-dos-aguas-lodge-website.jpg\",\"width\":696,\"height\":696,\"caption\":\"DOS AGUAS LODGE EN RINC\u00d3N DEL MAR\"},\"image\":{\"@id\":\"\/#\/schema\/logo\/image\/\"},\"sameAs\":[\"https:\/\/web.facebook.com\/DosAguasLodge\/\",\"https:\/\/www.tripadvisor.co\/Hotel_Review-g10326747-d17323989-Reviews-Dos_Aguas_Lodge-Rincon_del_Mar_San_Onofre_Sucre_Department.html\",\"https:\/\/www.instagram.com\/dosaguaslodge\/\"]}]}<\/script>\n<!-- \/ Yoast SEO plugin. -->","yoast_head_json":{"title":"Contacto Fundaci\u00f3n | FUNDACI\u00d3N DOS AGUAS","robots":{"index":"index","follow":"follow","max-snippet":"max-snippet:-1","max-image-preview":"max-image-preview:large","max-video-preview":"max-video-preview:-1"},"canonical":"https:\/\/dosaguas.co\/es\/fundacion\/contacto-fundacion","og_locale":"es_ES","og_type":"article","og_title":"Contacto Fundaci\u00f3n | FUNDACI\u00d3N DOS AGUAS","og_description":"Cont\u00e1ctanos! Nos encantar\u00eda escuchar de ti y resolver cualquier pregunta o inquietud que puedas tener. Puedes contactarnos por tel\u00e9fono, WhatsApp, email o a trav\u00e9s del siguiente formulario. Datos de contacto (+57) 321 485 8941 (+57) 310 897 96 15 Rinc\u00f3n del Mar, San Onofre, Sucre, Colombia Instagram Whatsapp Envelope Env\u00eda tu mensaje","og_url":"https:\/\/dosaguas.co\/es\/fundacion\/contacto-fundacion","og_site_name":"FUNDACI\u00d3N DOS AGUAS","article_publisher":"https:\/\/web.facebook.com\/DosAguasLodge\/","article_modified_time":"2026-02-21T00:22:06+00:00","og_image":[{"width":1200,"height":675,"url":"https:\/\/dosaguas.co\/wp-content\/uploads\/2023\/02\/logo-dos-aguas-lodge-for-social-media.jpg","type":"image\/jpeg"}],"twitter_card":"summary_large_image","twitter_misc":{"Tiempo de lectura":"1 minuto"},"schema":{"@context":"https:\/\/schema.org","@graph":[{"@type":"WebPage","@id":"https:\/\/dosaguas.co\/es\/fundacion\/contacto-fundacion","url":"https:\/\/dosaguas.co\/es\/fundacion\/contacto-fundacion","name":"Contacto Fundaci\u00f3n | FUNDACI\u00d3N DOS AGUAS","isPartOf":{"@id":"\/#website"},"datePublished":"2025-12-01T21:11:14+00:00","dateModified":"2026-02-21T00:22:06+00:00","breadcrumb":{"@id":"https:\/\/dosaguas.co\/es\/fundacion\/contacto-fundacion#breadcrumb"},"inLanguage":"es-CO","potentialAction":[{"@type":"ReadAction","target":["https:\/\/dosaguas.co\/es\/fundacion\/contacto-fundacion"]}]},{"@type":"BreadcrumbList","@id":"https:\/\/dosaguas.co\/es\/fundacion\/contacto-fundacion#breadcrumb","itemListElement":[{"@type":"ListItem","position":1,"name":"Inicio","item":"https:\/\/dosaguas.co\/es"},{"@type":"ListItem","position":2,"name":"Fundacion Dos Aguas","item":"https:\/\/dosaguas.co\/es\/fundacion"},{"@type":"ListItem","position":3,"name":"Contacto Fundaci\u00f3n"}]},{"@type":"WebSite","@id":"\/#website","url":"\/","name":"FUNDACI\u00d3N DOS AGUAS","description":"","publisher":{"@id":"\/#organization"},"alternateName":"DOS AGUAS","potentialAction":[{"@type":"SearchAction","target":{"@type":"EntryPoint","urlTemplate":"\/?s={search_term_string}"},"query-input":{"@type":"PropertyValueSpecification","valueRequired":true,"valueName":"search_term_string"}}],"inLanguage":"es-CO"},{"@type":"Organization","@id":"\/#organization","name":"DOS AGUAS LODGE EN RINC\u00d3N DEL MAR","alternateName":"DOS AGUAS","url":"\/","logo":{"@type":"ImageObject","inLanguage":"es-CO","@id":"\/#\/schema\/logo\/image\/","url":"https:\/\/dosaguas.co\/wp-content\/uploads\/2023\/02\/logo-dos-aguas-lodge-website.jpg","contentUrl":"https:\/\/dosaguas.co\/wp-content\/uploads\/2023\/02\/logo-dos-aguas-lodge-website.jpg","width":696,"height":696,"caption":"DOS AGUAS LODGE EN RINC\u00d3N DEL MAR"},"image":{"@id":"\/#\/schema\/logo\/image\/"},"sameAs":["https:\/\/web.facebook.com\/DosAguasLodge\/","https:\/\/www.tripadvisor.co\/Hotel_Review-g10326747-d17323989-Reviews-Dos_Aguas_Lodge-Rincon_del_Mar_San_Onofre_Sucre_Department.html","https:\/\/www.instagram.com\/dosaguaslodge\/"]}]}},"_links":{"self":[{"href":"https:\/\/dosaguas.co\/es\/wp-json\/wp\/v2\/pages\/17610","targetHints":{"allow":["GET"]}}],"collection":[{"href":"https:\/\/dosaguas.co\/es\/wp-json\/wp\/v2\/pages"}],"about":[{"href":"https:\/\/dosaguas.co\/es\/wp-json\/wp\/v2\/types\/page"}],"author":[{"embeddable":true,"href":"https:\/\/dosaguas.co\/es\/wp-json\/wp\/v2\/users\/8"}],"replies":[{"embeddable":true,"href":"https:\/\/dosaguas.co\/es\/wp-json\/wp\/v2\/comments?post=17610"}],"version-history":[{"count":7,"href":"https:\/\/dosaguas.co\/es\/wp-json\/wp\/v2\/pages\/17610\/revisions"}],"predecessor-version":[{"id":18275,"href":"https:\/\/dosaguas.co\/es\/wp-json\/wp\/v2\/pages\/17610\/revisions\/18275"}],"up":[{"embeddable":true,"href":"https:\/\/dosaguas.co\/es\/wp-json\/wp\/v2\/pages\/14218"}],"wp:attachment":[{"href":"https:\/\/dosaguas.co\/es\/wp-json\/wp\/v2\/media?parent=17610"}],"curies":[{"name":"wp","href":"https:\/\/api.w.org\/{rel}","templated":true}]}}